{"id":301,"date":"2017-06-16T10:38:57","date_gmt":"2017-06-16T10:38:57","guid":{"rendered":"https:\/\/bobasushi.de\/?page_id=301"},"modified":"2021-09-05T18:38:56","modified_gmt":"2021-09-05T16:38:56","slug":"our-story","status":"publish","type":"page","link":"https:\/\/bobasushi.de\/?page_id=301","title":{"rendered":"\u00dcber Uns"},"content":{"rendered":"<p>[vc_row equal_height=&#8220;yes&#8220;][vc_column][vc_empty_space height=&#8220;3rem&#8220; alter_height=&#8220;none&#8220; hide_on_mobile=&#8220;&#8220;][vc_empty_space height=&#8220;4.8rem&#8220; alter_height=&#8220;none&#8220; hide_on_mobile=&#8220;&#8220;][\/vc_column][\/vc_row][vc_row equal_height=&#8220;yes&#8220;][vc_column width=&#8220;1\/2&#8243;]<div id=\"sc_title_982114305\"\r\n\t\tclass=\"sc_title color_style_default sc_title_default\"><h4 class=\"sc_item_title sc_title_title sc_align_left sc_item_title_style_default sc_item_title_tag\">Herzlich Willkommen Boba Tea & Sushi <\/h4><h6 class=\"sc_item_subtitle sc_title_subtitle sc_align_left sc_item_title_style_default\">Wer Sind Wir<\/h6><div class=\"sc_item_descr sc_title_descr sc_align_left\"><p>Boba Tea & Sushi bietet auch Spezialit\u00e4ten aus Japan. Wir verwenden ausschlie\u00dflich frische Zutaten, denn das sind die Grundvoraussetzungen f\u00fcr ein beeindruckendes Geschmackserlebnis. In unserer Speisekarte finden Sie eine Vielfalt der vietnamesischen K\u00fcche, darunter typische Vor- und Hauptgerichte, Salate, Suppen und Desserts, sowie bunte japanische Spezialit\u00e4ten und Sushi-Ideen, egal ob Nigiri, Sushi oder von innen F\u00fcr andere Br\u00f6tchen bieten wir Verwenden Sie die besten Rohstoffe, um Sushi-Gerichte f\u00fcr Sie zuzubereiten. Lassen Sie sich von uns auf eine spannende Reise durch das asiatische Essen mitnehmen!<\/p>\n<\/div><\/div><!-- \/.sc_title -->[vc_row_inner][vc_column_inner offset=&#8220;vc_hidden-lg vc_hidden-md&#8220;][vc_empty_space height=&#8220;&#8220; alter_height=&#8220;medium&#8220; hide_on_mobile=&#8220;&#8220;][\/vc_column_inner][\/vc_row_inner][\/vc_column][vc_column width=&#8220;1\/2&#8243;][vc_empty_space height=&#8220;1rem&#8220; alter_height=&#8220;none&#8220; hide_on_mobile=&#8220;&#8220;][vc_single_image image=&#8220;1088&#8243; img_size=&#8220;full&#8220; alignment=&#8220;center&#8220;][\/vc_column][vc_column][vc_empty_space height=&#8220;4rem&#8220; alter_height=&#8220;none&#8220; hide_on_mobile=&#8220;&#8220;][\/vc_column][\/vc_row]<\/p>\n","protected":false},"excerpt":{"rendered":"<p>[vc_row equal_height=&#8220;yes&#8220;][vc_column][vc_empty_space height=&#8220;3rem&#8220; alter_height=&#8220;none&#8220; hide_on_mobile=&#8220;&#8220;][vc_empty_space height=&#8220;4.8rem&#8220; alter_height=&#8220;none&#8220; hide_on_mobile=&#8220;&#8220;][\/vc_column][\/vc_row][vc_row equal_height=&#8220;yes&#8220;][vc_column width=&#8220;1\/2&#8243;][vc_row_inner][vc_column_inner offset=&#8220;vc_hidden-lg vc_hidden-md&#8220;][vc_empty_space height=&#8220;&#8220; alter_height=&#8220;medium&#8220; hide_on_mobile=&#8220;&#8220;][\/vc_column_inner][\/vc_row_inner][\/vc_column][vc_column width=&#8220;1\/2&#8243;][vc_empty_space height=&#8220;1rem&#8220; alter_height=&#8220;none&#8220; hide_on_mobile=&#8220;&#8220;][vc_single_image image=&#8220;1088&#8243; img_size=&#8220;full&#8220; alignment=&#8220;center&#8220;][\/vc_column][vc_column][vc_empty_space height=&#8220;4rem&#8220; alter_height=&#8220;none&#8220; hide_on_mobile=&#8220;&#8220;][\/vc_column][\/vc_row]<\/p>\n","protected":false},"author":1,"featured_media":0,"parent":0,"menu_order":0,"comment_status":"closed","ping_status":"closed","template":"","meta":{"footnotes":""},"class_list":["post-301","page","type-page","status-publish","hentry"],"_links":{"self":[{"href":"https:\/\/bobasushi.de\/index.php?rest_route=\/wp\/v2\/pages\/301","targetHints":{"allow":["GET"]}}],"collection":[{"href":"https:\/\/bobasushi.de\/index.php?rest_route=\/wp\/v2\/pages"}],"about":[{"href":"https:\/\/bobasushi.de\/index.php?rest_route=\/wp\/v2\/types\/page"}],"author":[{"embeddable":true,"href":"https:\/\/bobasushi.de\/index.php?rest_route=\/wp\/v2\/users\/1"}],"replies":[{"embeddable":true,"href":"https:\/\/bobasushi.de\/index.php?rest_route=%2Fwp%2Fv2%2Fcomments&post=301"}],"version-history":[{"count":3,"href":"https:\/\/bobasushi.de\/index.php?rest_route=\/wp\/v2\/pages\/301\/revisions"}],"predecessor-version":[{"id":1120,"href":"https:\/\/bobasushi.de\/index.php?rest_route=\/wp\/v2\/pages\/301\/revisions\/1120"}],"wp:attachment":[{"href":"https:\/\/bobasushi.de\/index.php?rest_route=%2Fwp%2Fv2%2Fmedia&parent=301"}],"curies":[{"name":"wp","href":"https:\/\/api.w.org\/{rel}","templated":true}]}}